{"id":110560,"date":"2022-07-12T12:56:57","date_gmt":"2022-07-12T10:56:57","guid":{"rendered":"https:\/\/clevana.de\/?page_id=110560"},"modified":"2023-03-20T14:40:51","modified_gmt":"2023-03-20T13:40:51","slug":"interim-management","status":"publish","type":"page","link":"https:\/\/clevana.de\/en\/ma-and-restructuring\/interim-management\/","title":{"rendered":"Interim management"},"content":{"rendered":"<div class=\"wpb-content-wrapper\"><p>[vc_row row_height_percent=&#8221;85&#8243; override_padding=&#8221;yes&#8221; h_padding=&#8221;2&#8243; top_padding=&#8221;5&#8243; bottom_padding=&#8221;5&#8243; overlay_alpha=&#8221;50&#8243; gutter_size=&#8221;3&#8243; column_width_percent=&#8221;100&#8243; shift_y=&#8221;0&#8243; z_index=&#8221;0&#8243; front_end_with_slider=&#8221;true&#8221; uncode_shortcode_id=&#8221;848011&#8243;][vc_column column_width_percent=&#8221;100&#8243; position_vertical=&#8221;bottom&#8221; gutter_size=&#8221;3&#8243; style=&#8221;dark&#8221; overlay_alpha=&#8221;50&#8243; shift_x=&#8221;0&#8243; shift_y=&#8221;0&#8243; shift_y_down=&#8221;0&#8243; z_index=&#8221;0&#8243; medium_width=&#8221;0&#8243; mobile_width=&#8221;0&#8243; zoom_width=&#8221;0&#8243; zoom_height=&#8221;0&#8243; width=&#8221;1\/1&#8243;][uncode_slider slider_interval=&#8221;5000&#8243; slider_navspeed=&#8221;400&#8243; slider_loop=&#8221;yes&#8221; slider_hide_arrows=&#8221;yes&#8221; slider_dot_position=&#8221;left&#8221; slider_dot_width=&#8221;limit&#8221; slider_width_percent=&#8221;100&#8243; h_padding=&#8221;2&#8243; slider_dot_align=&#8221;left&#8221;][vc_row_inner row_inner_height_percent=&#8221;0&#8243; back_image=&#8221;110974&#8243; parallax=&#8221;yes&#8221; kburns=&#8221;yes&#8221; overlay_alpha=&#8221;12&#8243; gutter_size=&#8221;4&#8243; shift_y=&#8221;0&#8243; z_index=&#8221;0&#8243; limit_content=&#8221;yes&#8221; front_end_with_slider=&#8221;true&#8221; uncode_shortcode_id=&#8221;195647&#8243;][vc_column_inner column_width_use_pixel=&#8221;yes&#8221; position_horizontal=&#8221;left&#8221; position_vertical=&#8221;bottom&#8221; gutter_size=&#8221;3&#8243; style=&#8221;dark&#8221; overlay_alpha=&#8221;50&#8243; shift_x=&#8221;0&#8243; shift_y=&#8221;0&#8243; shift_y_down=&#8221;0&#8243; z_index=&#8221;0&#8243; medium_width=&#8221;0&#8243; mobile_width=&#8221;0&#8243; css_animation=&#8221;right-t-left&#8221; animation_delay=&#8221;600&#8243; zoom_width=&#8221;0&#8243; zoom_height=&#8221;0&#8243; width=&#8221;1\/1&#8243; uncode_shortcode_id=&#8221;115480&#8243; column_width_pixel=&#8221;900&#8243; mobile_height=&#8221;380&#8243;][vc_custom_heading heading_semantic=&#8221;div&#8221; text_size=&#8221;fontsize-968132&#8243; uncode_shortcode_id=&#8221;239527&#8243;]Interim management[\/vc_custom_heading][vc_empty_space empty_h=&#8221;1&#8243;][\/vc_column_inner][\/vc_row_inner][\/uncode_slider][\/vc_column][\/vc_row][vc_row row_height_percent=&#8221;0&#8243; override_padding=&#8221;yes&#8221; h_padding=&#8221;2&#8243; top_padding=&#8221;3&#8243; bottom_padding=&#8221;2&#8243; overlay_alpha=&#8221;50&#8243; gutter_size=&#8221;3&#8243; column_width_percent=&#8221;100&#8243; shift_y=&#8221;0&#8243; z_index=&#8221;0&#8243; uncode_shortcode_id=&#8221;136337&#8243;][vc_column width=&#8221;1\/1&#8243;][vc_custom_heading text_weight=&#8221;300&#8243; uncode_shortcode_id=&#8221;513327&#8243;]We offer European companies strong support in their management team[\/vc_custom_heading][vc_column_text text_lead=&#8221;yes&#8221; uncode_shortcode_id=&#8221;154862&#8243;]Investing in China can prove to be extremely worthwhile for European companies. However, it is important to keep an eye on possible challenges and to minimize risks. We support you as a strategic partner in analyzing the opportunities, we accompany you in planning and implementing the right steps and we offer you concrete support in every step of the project: If your management team needs a reinforcement who is familiar with the Chinese markets, we are there for you. Whether you are missing a CEO, CSO, CFO, or CTO who is made for these specific requirements &#8211; we also offer our service in the form of a reinforcement of your team. We can join your company as an interim C-level manager and quickly help shape decision-making processes. Thanks to our management know-how and in-depth industry insights, you can involve us directly in the management of your company.[\/vc_column_text][\/vc_column][\/vc_row][vc_row row_height_percent=&#8221;0&#8243; override_padding=&#8221;yes&#8221; h_padding=&#8221;2&#8243; top_padding=&#8221;3&#8243; bottom_padding=&#8221;3&#8243; overlay_alpha=&#8221;50&#8243; gutter_size=&#8221;3&#8243; column_width_percent=&#8221;100&#8243; shift_y=&#8221;0&#8243; z_index=&#8221;0&#8243; uncode_shortcode_id=&#8221;157870&#8243;][vc_column column_width_percent=&#8221;100&#8243; gutter_size=&#8221;3&#8243; font_family=&#8221;font-339240&#8243; overlay_alpha=&#8221;50&#8243; shift_x=&#8221;0&#8243; shift_y=&#8221;0&#8243; shift_y_down=&#8221;0&#8243; z_index=&#8221;0&#8243; medium_width=&#8221;0&#8243; mobile_width=&#8221;0&#8243; width=&#8221;1\/1&#8243; uncode_shortcode_id=&#8221;184290&#8243;][vc_row_inner row_inner_height_percent=&#8221;0&#8243; overlay_alpha=&#8221;50&#8243; gutter_size=&#8221;4&#8243; shift_y=&#8221;0&#8243; limit_content=&#8221;&#8221;][vc_column_inner column_width_percent=&#8221;100&#8243; gutter_size=&#8221;4&#8243; overlay_alpha=&#8221;50&#8243; shift_x=&#8221;0&#8243; shift_y=&#8221;0&#8243; shift_y_down=&#8221;0&#8243; z_index=&#8221;0&#8243; medium_width=&#8221;0&#8243; mobile_width=&#8221;0&#8243; sticky=&#8221;yes&#8221; width=&#8221;3\/12&#8243;][vc_separator sep_color=&#8221;accent&#8221;][vc_custom_heading text_color=&#8221;color-prif&#8221; heading_semantic=&#8221;div&#8221; uncode_shortcode_id=&#8221;455590&#8243; text_color_type=&#8221;uncode-palette&#8221;]Our philosophy[\/vc_custom_heading][\/vc_column_inner][vc_column_inner column_width_percent=&#8221;100&#8243; gutter_size=&#8221;3&#8243; overlay_alpha=&#8221;50&#8243; shift_x=&#8221;0&#8243; shift_y=&#8221;0&#8243; shift_y_down=&#8221;0&#8243; z_index=&#8221;0&#8243; medium_width=&#8221;0&#8243; mobile_width=&#8221;0&#8243; width=&#8221;9\/12&#8243;][vc_separator sep_color=&#8221;color-uydo&#8221;][vc_empty_space empty_h=&#8221;2&#8243; medium_visibility=&#8221;yes&#8221; mobile_visibility=&#8221;yes&#8221;][vc_column_text text_lead=&#8221;yes&#8221; uncode_shortcode_id=&#8221;156907&#8243;]In addition to traditional CFO tasks, we also act as bridge builders for European companies in China. We are the missing link between the European shareholders and the local organization in China. We help you to implement your strategic goals and to optimize the cooperation between Europe and China.[\/vc_column_text][vc_icon icon_image=&#8221;110854&#8243; media_size=&#8221;60&#8243; text_size=&#8221;h2&#8243; title=&#8221;CFO-Team&#8221; uncode_shortcode_id=&#8221;135456&#8243;]The interim management service we offer is not provided by one person, but by a team of specialists. The management will be based on the company&#8217;s own control and synchronization of Chinese and foreign cooperation. Our team of experts includes both Chinese management experts with extensive experience in the industrial field and experts with many years of experience in European-Chinese cooperation.<\/p>\n<p>We have multinational experience and a cross-cultural background, which enables us to optimize communication between the European and Chinese sides of the company. Thus, together we can quickly eliminate communication difficulties, misunderstandings, and ambiguities caused by different cultural backgrounds.[\/vc_icon][vc_icon icon_image=&#8221;110855&#8243; media_size=&#8221;60&#8243; text_size=&#8221;h2&#8243; title=&#8221;Support of the management&#8221; uncode_shortcode_id=&#8221;927497&#8243;]In addition to completing the teams in the area of fund management, accounting reporting, preparation of financial reports or budget preparation, we also offer our analytical expertise for internal company controls or in cooperation with external auditors. In addition, we will actively cooperate with the audit work of the parent company.[\/vc_icon][vc_icon icon_image=&#8221;110856&#8243; media_size=&#8221;60&#8243; text_size=&#8221;h2&#8243; title=&#8221;Integration and implementation&#8221; uncode_shortcode_id=&#8221;117034&#8243;]As CFO, we play an active role in shaping the successful development of the company, taking into account the strategic requirements of the European shareholders. We advise the European shareholders on the effective communication of the overall strategy with the Chinese management. We analyze the synergy potential between European parent companies and Chinese subsidiaries, develop special projects and monitor their implementation.\u00a0 In addition, we support the company in the execution of acquisitions, mergers, divestitures and restructurings.[\/vc_icon][\/vc_column_inner][\/vc_row_inner][\/vc_column][\/vc_row][vc_section back_color=&#8221;color-lxmt&#8221; overlay_alpha=&#8221;50&#8243; uncode_shortcode_id=&#8221;767253&#8243; el_id=&#8221;ansprechpartner&#8221; back_color_type=&#8221;uncode-palette&#8221;][vc_row row_height_percent=&#8221;0&#8243; override_padding=&#8221;yes&#8221; h_padding=&#8221;2&#8243; top_padding=&#8221;3&#8243; bottom_padding=&#8221;2&#8243; overlay_alpha=&#8221;50&#8243; gutter_size=&#8221;3&#8243; column_width_percent=&#8221;100&#8243; shift_y=&#8221;0&#8243; z_index=&#8221;0&#8243; uncode_shortcode_id=&#8221;512218&#8243;][vc_column column_width_percent=&#8221;100&#8243; gutter_size=&#8221;3&#8243; overlay_alpha=&#8221;50&#8243; shift_x=&#8221;0&#8243; shift_y=&#8221;0&#8243; shift_y_down=&#8221;0&#8243; z_index=&#8221;0&#8243; medium_width=&#8221;0&#8243; mobile_width=&#8221;0&#8243; width=&#8221;1\/1&#8243; uncode_shortcode_id=&#8221;598590&#8243;][vc_custom_heading uncode_shortcode_id=&#8221;119595&#8243;]Meet our experts for interim management[\/vc_custom_heading][\/vc_column][\/vc_row][vc_row row_height_percent=&#8221;0&#8243; override_padding=&#8221;yes&#8221; h_padding=&#8221;2&#8243; top_padding=&#8221;0&#8243; bottom_padding=&#8221;4&#8243; overlay_alpha=&#8221;50&#8243; gutter_size=&#8221;4&#8243; column_width_percent=&#8221;100&#8243; shift_y=&#8221;0&#8243; z_index=&#8221;0&#8243; uncode_shortcode_id=&#8221;212063&#8243;][vc_column column_width_percent=&#8221;100&#8243; gutter_size=&#8221;3&#8243; back_color=&#8221;color-xsdn&#8221; overlay_alpha=&#8221;50&#8243; shift_x=&#8221;0&#8243; shift_y=&#8221;0&#8243; shift_y_down=&#8221;0&#8243; z_index=&#8221;0&#8243; medium_width=&#8221;4&#8243; mobile_width=&#8221;0&#8243; shadow=&#8221;xs&#8221; width=&#8221;1\/2&#8243; uncode_shortcode_id=&#8221;785195&#8243; back_color_type=&#8221;uncode-palette&#8221; el_class=&#8221;teamcard&#8221;][vc_row_inner row_inner_height_percent=&#8221;0&#8243; overlay_alpha=&#8221;50&#8243; gutter_size=&#8221;2&#8243; shift_y=&#8221;0&#8243; z_index=&#8221;0&#8243; uncode_shortcode_id=&#8221;565178&#8243; limit_content=&#8221;&#8221;][vc_column_inner width=&#8221;1\/4&#8243;][vc_single_image media=&#8221;110785&#8243; media_width_percent=&#8221;100&#8243; media_ratio=&#8221;one-one&#8221; uncode_shortcode_id=&#8221;110583&#8243;][\/vc_column_inner][vc_column_inner column_width_percent=&#8221;100&#8243; gutter_size=&#8221;3&#8243; overlay_alpha=&#8221;50&#8243; shift_x=&#8221;0&#8243; shift_y=&#8221;0&#8243; shift_y_down=&#8221;0&#8243; z_index=&#8221;0&#8243; medium_width=&#8221;0&#8243; mobile_width=&#8221;0&#8243; width=&#8221;1\/2&#8243; uncode_shortcode_id=&#8221;585869&#8243;][vc_column_text uncode_shortcode_id=&#8221;827587&#8243;]<strong>Nan Ju<\/strong><br \/>\nSenior Partner<br \/>\nFrankfurt am Main, Germany[\/vc_column_text][\/vc_column_inner][vc_column_inner column_width_percent=&#8221;100&#8243; align_horizontal=&#8221;align_right&#8221; gutter_size=&#8221;3&#8243; overlay_alpha=&#8221;50&#8243; shift_x=&#8221;0&#8243; shift_y=&#8221;0&#8243; shift_y_down=&#8221;0&#8243; z_index=&#8221;0&#8243; medium_width=&#8221;0&#8243; mobile_width=&#8221;0&#8243; width=&#8221;1\/4&#8243; uncode_shortcode_id=&#8221;564829&#8243;][vc_icon display=&#8221;inline&#8221; icon=&#8221;fa fa-mail&#8221; uncode_shortcode_id=&#8221;153326&#8243; link=&#8221;url:mailto%3Anan.ju%40clevana.de&#8221;][\/vc_icon][vc_icon display=&#8221;inline&#8221; icon=&#8221;fa fa-linkedin&#8221; uncode_shortcode_id=&#8221;185283&#8243; link=&#8221;url:https%3A%2F%2Fwww.linkedin.com%2Fin%2Fnan-ju-cfa-85897032|target:_blank&#8221;][\/vc_icon][\/vc_column_inner][\/vc_row_inner][\/vc_column][vc_column column_width_percent=&#8221;100&#8243; gutter_size=&#8221;3&#8243; back_color=&#8221;color-xsdn&#8221; overlay_alpha=&#8221;50&#8243; shift_x=&#8221;0&#8243; shift_y=&#8221;0&#8243; shift_y_down=&#8221;0&#8243; z_index=&#8221;0&#8243; medium_width=&#8221;4&#8243; mobile_width=&#8221;0&#8243; shadow=&#8221;xs&#8221; width=&#8221;1\/2&#8243; uncode_shortcode_id=&#8221;207172&#8243; back_color_type=&#8221;uncode-palette&#8221; el_class=&#8221;teamcard&#8221;][vc_row_inner row_inner_height_percent=&#8221;0&#8243; overlay_alpha=&#8221;50&#8243; gutter_size=&#8221;2&#8243; shift_y=&#8221;0&#8243; z_index=&#8221;0&#8243; uncode_shortcode_id=&#8221;565178&#8243; limit_content=&#8221;&#8221;][vc_column_inner width=&#8221;1\/4&#8243;][vc_single_image media=&#8221;110789&#8243; media_width_percent=&#8221;100&#8243; media_ratio=&#8221;one-one&#8221; uncode_shortcode_id=&#8221;698598&#8243;][\/vc_column_inner][vc_column_inner column_width_percent=&#8221;100&#8243; gutter_size=&#8221;3&#8243; overlay_alpha=&#8221;50&#8243; shift_x=&#8221;0&#8243; shift_y=&#8221;0&#8243; shift_y_down=&#8221;0&#8243; z_index=&#8221;0&#8243; medium_width=&#8221;0&#8243; mobile_width=&#8221;0&#8243; width=&#8221;1\/2&#8243; uncode_shortcode_id=&#8221;585869&#8243;][vc_column_text uncode_shortcode_id=&#8221;121142&#8243;]<strong>Wei Tao<\/strong><br \/>\nFounder | Managing Director<br \/>\nFrankfurt am Main, Germany[\/vc_column_text][\/vc_column_inner][vc_column_inner column_width_percent=&#8221;100&#8243; align_horizontal=&#8221;align_right&#8221; gutter_size=&#8221;3&#8243; overlay_alpha=&#8221;50&#8243; shift_x=&#8221;0&#8243; shift_y=&#8221;0&#8243; shift_y_down=&#8221;0&#8243; z_index=&#8221;0&#8243; medium_width=&#8221;0&#8243; mobile_width=&#8221;0&#8243; width=&#8221;1\/4&#8243; uncode_shortcode_id=&#8221;564829&#8243;][vc_icon display=&#8221;inline&#8221; icon=&#8221;fa fa-mail&#8221; uncode_shortcode_id=&#8221;150679&#8243; link=&#8221;url:mailto%3Awei.tao%40clevana.de&#8221;][\/vc_icon][vc_icon display=&#8221;inline&#8221; icon=&#8221;fa fa-linkedin&#8221; uncode_shortcode_id=&#8221;154534&#8243; link=&#8221;url:https%3A%2F%2Fwww.linkedin.com%2Fin%2Fwei-tao-978962212%2F|target:_blank&#8221;][\/vc_icon][\/vc_column_inner][\/vc_row_inner][\/vc_column][\/vc_row][\/vc_section]<\/p>\n<\/div>","protected":false},"excerpt":{"rendered":"<p>Manchmal ist eine Transaktion genau das Richtige, um weiter zu wachsen. Indem wir passende Unternehmen finden, m\u00f6gliche Synergien aufzeigen und die \u00dcbernahme bis \u00fcber die Kaufpreiszahlung hinaus begleiten, schaffen wir gemeinsam die Basis f\u00fcr eine nachhaltige Entwicklung.<\/p>\n","protected":false},"author":1,"featured_media":110974,"parent":29,"menu_order":0,"comment_status":"closed","ping_status":"closed","template":"","meta":{"footnotes":""},"class_list":["post-110560","page","type-page","status-publish","has-post-thumbnail","hentry","page_category-mergers-and-acquisitions"],"_links":{"self":[{"href":"https:\/\/clevana.de\/en\/wp-json\/wp\/v2\/pages\/110560","targetHints":{"allow":["GET"]}}],"collection":[{"href":"https:\/\/clevana.de\/en\/wp-json\/wp\/v2\/pages"}],"about":[{"href":"https:\/\/clevana.de\/en\/wp-json\/wp\/v2\/types\/page"}],"author":[{"embeddable":true,"href":"https:\/\/clevana.de\/en\/wp-json\/wp\/v2\/users\/1"}],"replies":[{"embeddable":true,"href":"https:\/\/clevana.de\/en\/wp-json\/wp\/v2\/comments?post=110560"}],"version-history":[{"count":0,"href":"https:\/\/clevana.de\/en\/wp-json\/wp\/v2\/pages\/110560\/revisions"}],"up":[{"embeddable":true,"href":"https:\/\/clevana.de\/en\/wp-json\/wp\/v2\/pages\/29"}],"wp:featuredmedia":[{"embeddable":true,"href":"https:\/\/clevana.de\/en\/wp-json\/wp\/v2\/media\/110974"}],"wp:attachment":[{"href":"https:\/\/clevana.de\/en\/wp-json\/wp\/v2\/media?parent=110560"}],"curies":[{"name":"wp","href":"https:\/\/api.w.org\/{rel}","templated":true}]}}