{"id":110557,"date":"2022-07-12T11:56:13","date_gmt":"2022-07-12T09:56:13","guid":{"rendered":"https:\/\/clevana.de\/?page_id=110557"},"modified":"2023-03-20T14:37:18","modified_gmt":"2023-03-20T13:37:18","slug":"recruiting-and-hr-strategy","status":"publish","type":"page","link":"https:\/\/clevana.de\/en\/greenfield-investment\/recruiting-and-hr-strategy\/","title":{"rendered":"Recruiting and HR strategy"},"content":{"rendered":"<div class=\"wpb-content-wrapper\"><p>[vc_row row_height_percent=&#8221;85&#8243; override_padding=&#8221;yes&#8221; h_padding=&#8221;2&#8243; top_padding=&#8221;5&#8243; bottom_padding=&#8221;5&#8243; overlay_alpha=&#8221;50&#8243; gutter_size=&#8221;3&#8243; column_width_percent=&#8221;100&#8243; shift_y=&#8221;0&#8243; z_index=&#8221;0&#8243; front_end_with_slider=&#8221;true&#8221; uncode_shortcode_id=&#8221;331789&#8243;][vc_column column_width_percent=&#8221;100&#8243; position_vertical=&#8221;bottom&#8221; gutter_size=&#8221;3&#8243; style=&#8221;dark&#8221; overlay_alpha=&#8221;50&#8243; shift_x=&#8221;0&#8243; shift_y=&#8221;0&#8243; shift_y_down=&#8221;0&#8243; z_index=&#8221;0&#8243; medium_width=&#8221;0&#8243; mobile_width=&#8221;0&#8243; zoom_width=&#8221;0&#8243; zoom_height=&#8221;0&#8243; width=&#8221;1\/1&#8243;][uncode_slider slider_interval=&#8221;5000&#8243; slider_navspeed=&#8221;400&#8243; slider_loop=&#8221;yes&#8221; slider_hide_arrows=&#8221;yes&#8221; slider_dot_position=&#8221;left&#8221; slider_dot_width=&#8221;limit&#8221; slider_width_percent=&#8221;100&#8243; h_padding=&#8221;2&#8243; slider_dot_align=&#8221;left&#8221;][vc_row_inner row_inner_height_percent=&#8221;0&#8243; back_image=&#8221;110949&#8243; overlay_color=&#8221;color-jevc&#8221; overlay_alpha=&#8221;10&#8243; gutter_size=&#8221;4&#8243; shift_y=&#8221;0&#8243; z_index=&#8221;0&#8243; limit_content=&#8221;yes&#8221; front_end_with_slider=&#8221;true&#8221; uncode_shortcode_id=&#8221;366263&#8243; overlay_color_type=&#8221;uncode-palette&#8221;][vc_column_inner column_width_use_pixel=&#8221;yes&#8221; position_horizontal=&#8221;left&#8221; position_vertical=&#8221;bottom&#8221; gutter_size=&#8221;3&#8243; style=&#8221;dark&#8221; overlay_alpha=&#8221;50&#8243; shift_x=&#8221;0&#8243; shift_y=&#8221;0&#8243; shift_y_down=&#8221;0&#8243; z_index=&#8221;0&#8243; medium_width=&#8221;0&#8243; mobile_width=&#8221;0&#8243; css_animation=&#8221;right-t-left&#8221; animation_delay=&#8221;600&#8243; zoom_width=&#8221;0&#8243; zoom_height=&#8221;0&#8243; width=&#8221;1\/1&#8243; uncode_shortcode_id=&#8221;305799&#8243; column_width_pixel=&#8221;600&#8243; mobile_height=&#8221;380&#8243;][vc_custom_heading heading_semantic=&#8221;div&#8221; text_size=&#8221;fontsize-968132&#8243; uncode_shortcode_id=&#8221;132436&#8243;]Recruiting and HR strategy[\/vc_custom_heading][vc_empty_space empty_h=&#8221;1&#8243;][\/vc_column_inner][\/vc_row_inner][\/uncode_slider][\/vc_column][\/vc_row][vc_row row_height_percent=&#8221;0&#8243; override_padding=&#8221;yes&#8221; h_padding=&#8221;2&#8243; top_padding=&#8221;3&#8243; bottom_padding=&#8221;2&#8243; overlay_alpha=&#8221;50&#8243; gutter_size=&#8221;3&#8243; column_width_percent=&#8221;100&#8243; shift_y=&#8221;0&#8243; z_index=&#8221;0&#8243; uncode_shortcode_id=&#8221;148895&#8243;][vc_column column_width_percent=&#8221;100&#8243; gutter_size=&#8221;3&#8243; overlay_alpha=&#8221;50&#8243; shift_x=&#8221;0&#8243; shift_y=&#8221;0&#8243; shift_y_down=&#8221;0&#8243; z_index=&#8221;0&#8243; medium_width=&#8221;0&#8243; mobile_width=&#8221;0&#8243; width=&#8221;1\/1&#8243; uncode_shortcode_id=&#8221;158887&#8243;][vc_custom_heading heading_semantic=&#8221;h1&#8243; text_size=&#8221;h1&#8243; uncode_shortcode_id=&#8221;493752&#8243;]Finding talent, and retaining specialists in the company[\/vc_custom_heading][vc_column_text text_lead=&#8221;yes&#8221; uncode_shortcode_id=&#8221;139633&#8243;]In recent years, digitization has completely changed the way we communicate and connect with each other. This is also having an impact on the organization of work and how people work together &#8211; and on the recruitment of qualified professionals. It has become more innovative and more diverse.<\/p>\n<p>In addition to objective framework conditions such as salary and company size, factors such as corporate culture and the values a company stands for are also relevant for Generation Z talents. Such factors also play an increasingly important role in employee retention.<\/p>\n<p>Most German companies recruit new employees in China by posting job ads on online job boards. This method has a wider reach compared to print media and generates more traffic to the company website. More importantly, presence on online job boards can be part of a company&#8217;s strategic employer branding, attracting more potential talented applicants.[\/vc_column_text][\/vc_column][\/vc_row][vc_row row_height_percent=&#8221;0&#8243; overlay_alpha=&#8221;50&#8243; gutter_size=&#8221;3&#8243; column_width_percent=&#8221;100&#8243; shift_y=&#8221;0&#8243; z_index=&#8221;0&#8243; uncode_shortcode_id=&#8221;694341&#8243;][vc_column column_width_percent=&#8221;100&#8243; gutter_size=&#8221;3&#8243; overlay_alpha=&#8221;50&#8243; shift_x=&#8221;0&#8243; shift_y=&#8221;0&#8243; shift_y_down=&#8221;0&#8243; z_index=&#8221;0&#8243; medium_width=&#8221;0&#8243; mobile_width=&#8221;0&#8243; width=&#8221;1\/1&#8243; uncode_shortcode_id=&#8221;158887&#8243;][vc_custom_heading heading_semantic=&#8221;h1&#8243; text_size=&#8221;h1&#8243; uncode_shortcode_id=&#8221;288496&#8243;]Employer branding: How to become attractive as an employer brand[\/vc_custom_heading][vc_column_text text_lead=&#8221;yes&#8221; uncode_shortcode_id=&#8221;168647&#8243;]Employer branding has gained in importance in recent years. This aspect of HR development strategy combines concepts from recruitment and marketing. The aim is to market a company as an attractive employer and to differentiate it from competitors on the labor market.<\/p>\n<p>Establishing employer branding has far-reaching effects on corporate strategy. It not only increases the efficiency of personnel recruiting and improves the quality of applicants, but also acts as a tool for employee motivation and retention. In addition, it plays an important role in presenting the corporate culture and strengthening the corporate brand.<\/p>\n<p>We help European companies that have established themselves in China to adapt their digital marketing strategies to the Chinese market in addition to building their organizational structure. In our experience, building a unique employer brand and designing digital marketing is one of the essential elements for companies to distinguish themselves in the Chinese labor market.<\/p>\n<p>In addition to personnel management, HR departments should also work on a strategic orientation in order to optimally shape their image as an employer and as a brand. Important topic areas: attracting new talent and retaining existing employees at the company, building a distinctive employer brand, and making the corporate culture tangible both internally and externally.[\/vc_column_text][\/vc_column][\/vc_row][vc_row row_height_percent=&#8221;0&#8243; overlay_alpha=&#8221;50&#8243; gutter_size=&#8221;3&#8243; column_width_percent=&#8221;100&#8243; shift_y=&#8221;0&#8243; z_index=&#8221;0&#8243; uncode_shortcode_id=&#8221;108622&#8243;][vc_column column_width_percent=&#8221;100&#8243; gutter_size=&#8221;3&#8243; overlay_alpha=&#8221;50&#8243; shift_x=&#8221;0&#8243; shift_y=&#8221;0&#8243; shift_y_down=&#8221;0&#8243; z_index=&#8221;0&#8243; medium_width=&#8221;0&#8243; mobile_width=&#8221;0&#8243; width=&#8221;1\/1&#8243; uncode_shortcode_id=&#8221;158887&#8243;][vc_custom_heading text_size=&#8221;h1&#8243; uncode_shortcode_id=&#8221;707254&#8243;]Recruiting in China: How to attract qualified specialists[\/vc_custom_heading][vc_column_text text_lead=&#8221;yes&#8221; uncode_shortcode_id=&#8221;642507&#8243;]Recruiting in China follows its own rules of the game. Based on our many years of experience in recruiting, we have defined the three most important steps for successful recruiting in China. We combine recruiting and marketing strategies to shape the image and improve the attractiveness of a company.[\/vc_column_text][\/vc_column][\/vc_row][vc_row row_height_percent=&#8221;0&#8243; override_padding=&#8221;yes&#8221; h_padding=&#8221;2&#8243; top_padding=&#8221;0&#8243; bottom_padding=&#8221;2&#8243; overlay_alpha=&#8221;50&#8243; gutter_size=&#8221;4&#8243; column_width_percent=&#8221;100&#8243; shift_y=&#8221;0&#8243; z_index=&#8221;0&#8243; uncode_shortcode_id=&#8221;853220&#8243;][vc_column column_width_percent=&#8221;100&#8243; gutter_size=&#8221;4&#8243; overlay_alpha=&#8221;50&#8243; shift_x=&#8221;0&#8243; shift_y=&#8221;0&#8243; shift_y_down=&#8221;0&#8243; z_index=&#8221;0&#8243; medium_width=&#8221;4&#8243; mobile_width=&#8221;0&#8243; width=&#8221;1\/2&#8243; uncode_shortcode_id=&#8221;284534&#8243;][vc_icon icon_image=&#8221;110854&#8243; media_size=&#8221;60&#8243; text_size=&#8221;h2&#8243; title=&#8221;Recruitment strategy with digital marketing&#8221; uncode_shortcode_id=&#8221;144146&#8243;]<\/p>\n<ul>\n<li>We work with our clients to develop a strategy for recruitment and create an appropriate plan. This includes the selection of job boards, the sequence of job postings, and the recruitment process.<\/li>\n<li>We research salary ranges and analyze talent pools for advertised positions to give our partner an accurate picture of potential candidates.<\/li>\n<li>A professional web and social media presence that reflects the corporate culture is an essential element with which our clients can start the recruitment process.<\/li>\n<\/ul>\n<p>[\/vc_icon][\/vc_column][vc_column column_width_percent=&#8221;100&#8243; gutter_size=&#8221;4&#8243; overlay_alpha=&#8221;50&#8243; shift_x=&#8221;0&#8243; shift_y=&#8221;0&#8243; shift_y_down=&#8221;0&#8243; z_index=&#8221;0&#8243; medium_width=&#8221;4&#8243; mobile_width=&#8221;0&#8243; width=&#8221;1\/2&#8243; uncode_shortcode_id=&#8221;561088&#8243;][vc_icon icon_image=&#8221;110855&#8243; media_size=&#8221;60&#8243; text_size=&#8221;h2&#8243; title=&#8221;Job posting, selection of job boards and recruitment process.&#8221; uncode_shortcode_id=&#8221;974772&#8243;]<\/p>\n<ul>\n<li>When writing a job offer, not only content and form are important, but also the marketing aspect. A good job offer not only expresses the employer&#8217;s desire for qualified professionals, but also allows candidates to get a first impression of the employer. The creation of a job offer should be done with the help of a personnel consultant and using appropriate industry insights.<\/li>\n<li>After an initial selection process, we arrange interviews in which employers and the suitable candidates get to know each other personally.<\/li>\n<li>We design employment contracts based on the framework conditions of the employers and negotiate the conditions with the candidates.<\/li>\n<\/ul>\n<p>[\/vc_icon][\/vc_column][\/vc_row][vc_row row_height_percent=&#8221;0&#8243; override_padding=&#8221;yes&#8221; h_padding=&#8221;2&#8243; top_padding=&#8221;0&#8243; bottom_padding=&#8221;3&#8243; overlay_alpha=&#8221;50&#8243; gutter_size=&#8221;4&#8243; column_width_percent=&#8221;100&#8243; shift_y=&#8221;0&#8243; z_index=&#8221;0&#8243; uncode_shortcode_id=&#8221;409532&#8243;][vc_column column_width_percent=&#8221;100&#8243; gutter_size=&#8221;4&#8243; overlay_alpha=&#8221;50&#8243; shift_x=&#8221;0&#8243; shift_y=&#8221;0&#8243; shift_y_down=&#8221;0&#8243; z_index=&#8221;0&#8243; medium_width=&#8221;4&#8243; mobile_width=&#8221;0&#8243; width=&#8221;1\/2&#8243; uncode_shortcode_id=&#8221;123830&#8243;][vc_icon icon_image=&#8221;110856&#8243; media_size=&#8221;60&#8243; text_size=&#8221;h2&#8243; title=&#8221;Supervision of the new employees&#8221; uncode_shortcode_id=&#8221;162491&#8243;]Many European companies are confronted with a challenge in their branches in China: high staff turnover. Hiring employees is therefore only the first step in a successful recruiting strategy. The next step is to help the new employees quickly find their way around the company, become well integrated into the respective teams &#8211; and retain them in the long term. All this is important to reduce staff turnover. The third and sixth months after joining the company often determine whether an employee will stay with the company. During this period, we ensure close and trusting communication with the newly hired employees.[\/vc_icon][\/vc_column][vc_column column_width_percent=&#8221;100&#8243; gutter_size=&#8221;4&#8243; overlay_alpha=&#8221;50&#8243; shift_x=&#8221;0&#8243; shift_y=&#8221;0&#8243; shift_y_down=&#8221;0&#8243; z_index=&#8221;0&#8243; medium_width=&#8221;4&#8243; mobile_width=&#8221;0&#8243; width=&#8221;1\/2&#8243; uncode_shortcode_id=&#8221;718040&#8243;][vc_icon icon_image=&#8221;110857&#8243; media_size=&#8221;60&#8243; text_size=&#8221;h2&#8243; title=&#8221;Peculiarities of job advertisement in China&#8221; uncode_shortcode_id=&#8221;164191&#8243;]When it comes to Chinese job boards, each platform has its own specifics &#8211; from search engine settings to company presentation to backup support.<\/p>\n<p>Different recruiting platforms have different focuses and should be differentiated and selected according to the publishing strategy and job characteristics.<\/p>\n<p>The cost of posting jobs in China is relatively low compared to European job boards. This results in a great deal of flexibility in the selection of suitable platforms. In most cases, it makes sense to choose a combination of different platforms.<\/p>\n<p>Social media is also an important recruiting tool in China: WeChat and Weibo are large social networks where job ads can be posted well.[\/vc_icon][\/vc_column][\/vc_row][vc_section back_color=&#8221;color-lxmt&#8221; overlay_alpha=&#8221;50&#8243; uncode_shortcode_id=&#8221;767253&#8243; el_id=&#8221;ansprechpartner&#8221; back_color_type=&#8221;uncode-palette&#8221;][vc_row row_height_percent=&#8221;0&#8243; override_padding=&#8221;yes&#8221; h_padding=&#8221;2&#8243; top_padding=&#8221;3&#8243; bottom_padding=&#8221;2&#8243; overlay_alpha=&#8221;50&#8243; gutter_size=&#8221;3&#8243; column_width_percent=&#8221;100&#8243; shift_y=&#8221;0&#8243; z_index=&#8221;0&#8243; uncode_shortcode_id=&#8221;512218&#8243;][vc_column column_width_percent=&#8221;100&#8243; gutter_size=&#8221;3&#8243; overlay_alpha=&#8221;50&#8243; shift_x=&#8221;0&#8243; shift_y=&#8221;0&#8243; shift_y_down=&#8221;0&#8243; z_index=&#8221;0&#8243; medium_width=&#8221;0&#8243; mobile_width=&#8221;0&#8243; width=&#8221;1\/1&#8243; uncode_shortcode_id=&#8221;598590&#8243;][vc_custom_heading uncode_shortcode_id=&#8221;149315&#8243;]Meet our experts for recruiting and HR strategy[\/vc_custom_heading][\/vc_column][\/vc_row][vc_row row_height_percent=&#8221;0&#8243; override_padding=&#8221;yes&#8221; h_padding=&#8221;2&#8243; top_padding=&#8221;0&#8243; bottom_padding=&#8221;4&#8243; overlay_alpha=&#8221;50&#8243; gutter_size=&#8221;4&#8243; column_width_percent=&#8221;100&#8243; shift_y=&#8221;0&#8243; z_index=&#8221;0&#8243; uncode_shortcode_id=&#8221;212063&#8243;][vc_column column_width_percent=&#8221;100&#8243; gutter_size=&#8221;3&#8243; back_color=&#8221;color-xsdn&#8221; overlay_alpha=&#8221;50&#8243; shift_x=&#8221;0&#8243; shift_y=&#8221;0&#8243; shift_y_down=&#8221;0&#8243; z_index=&#8221;0&#8243; medium_width=&#8221;4&#8243; mobile_width=&#8221;0&#8243; shadow=&#8221;xs&#8221; width=&#8221;1\/2&#8243; uncode_shortcode_id=&#8221;207416&#8243; back_color_type=&#8221;uncode-palette&#8221; el_class=&#8221;teamcard&#8221;][vc_row_inner row_inner_height_percent=&#8221;0&#8243; overlay_alpha=&#8221;50&#8243; gutter_size=&#8221;2&#8243; shift_y=&#8221;0&#8243; z_index=&#8221;0&#8243; uncode_shortcode_id=&#8221;565178&#8243; limit_content=&#8221;&#8221;][vc_column_inner width=&#8221;1\/4&#8243;][vc_single_image media=&#8221;110788&#8243; media_width_percent=&#8221;100&#8243; media_ratio=&#8221;one-one&#8221; uncode_shortcode_id=&#8221;335544&#8243;][\/vc_column_inner][vc_column_inner column_width_percent=&#8221;100&#8243; gutter_size=&#8221;3&#8243; overlay_alpha=&#8221;50&#8243; shift_x=&#8221;0&#8243; shift_y=&#8221;0&#8243; shift_y_down=&#8221;0&#8243; z_index=&#8221;0&#8243; medium_width=&#8221;0&#8243; mobile_width=&#8221;0&#8243; width=&#8221;1\/2&#8243; uncode_shortcode_id=&#8221;585869&#8243;][vc_column_text uncode_shortcode_id=&#8221;108882&#8243;]<strong>Ting Zhao<\/strong><br \/>\nKey Account Manager<br \/>\nFrankfurt am Main, Germany[\/vc_column_text][\/vc_column_inner][vc_column_inner column_width_percent=&#8221;100&#8243; align_horizontal=&#8221;align_right&#8221; gutter_size=&#8221;3&#8243; overlay_alpha=&#8221;50&#8243; shift_x=&#8221;0&#8243; shift_y=&#8221;0&#8243; shift_y_down=&#8221;0&#8243; z_index=&#8221;0&#8243; medium_width=&#8221;0&#8243; mobile_width=&#8221;0&#8243; width=&#8221;1\/4&#8243; uncode_shortcode_id=&#8221;564829&#8243;][vc_icon display=&#8221;inline&#8221; icon=&#8221;fa fa-mail&#8221; uncode_shortcode_id=&#8221;150679&#8243; link=&#8221;url:mailto%3Awei.tao%40clevana.de&#8221;][\/vc_icon][vc_icon display=&#8221;inline&#8221; icon=&#8221;fa fa-linkedin&#8221; uncode_shortcode_id=&#8221;154534&#8243; link=&#8221;url:https%3A%2F%2Fwww.linkedin.com%2Fin%2Fwei-tao-978962212%2F|target:_blank&#8221;][\/vc_icon][\/vc_column_inner][\/vc_row_inner][\/vc_column][vc_column column_width_percent=&#8221;100&#8243; gutter_size=&#8221;3&#8243; back_color=&#8221;color-xsdn&#8221; overlay_alpha=&#8221;50&#8243; shift_x=&#8221;0&#8243; shift_y=&#8221;0&#8243; shift_y_down=&#8221;0&#8243; z_index=&#8221;0&#8243; medium_width=&#8221;4&#8243; mobile_width=&#8221;0&#8243; width=&#8221;1\/2&#8243; uncode_shortcode_id=&#8221;186123&#8243; back_color_type=&#8221;uncode-palette&#8221; el_class=&#8221;teamcard&#8221;][vc_row_inner row_inner_height_percent=&#8221;0&#8243; overlay_alpha=&#8221;50&#8243; gutter_size=&#8221;2&#8243; shift_y=&#8221;0&#8243; z_index=&#8221;0&#8243; uncode_shortcode_id=&#8221;565178&#8243; limit_content=&#8221;&#8221;][vc_column_inner width=&#8221;1\/4&#8243;][vc_single_image media=&#8221;110787&#8243; media_width_percent=&#8221;100&#8243; media_ratio=&#8221;one-one&#8221; uncode_shortcode_id=&#8221;493451&#8243;][\/vc_column_inner][vc_column_inner column_width_percent=&#8221;100&#8243; gutter_size=&#8221;3&#8243; overlay_alpha=&#8221;50&#8243; shift_x=&#8221;0&#8243; shift_y=&#8221;0&#8243; shift_y_down=&#8221;0&#8243; z_index=&#8221;0&#8243; medium_width=&#8221;0&#8243; mobile_width=&#8221;0&#8243; width=&#8221;1\/2&#8243; uncode_shortcode_id=&#8221;585869&#8243;][vc_column_text uncode_shortcode_id=&#8221;259105&#8243;]<strong>Ting Liu<\/strong><br \/>\n<span data-sheets-value=\"{&quot;1&quot;:2,&quot;2&quot;:&quot;Marketing &amp; Communication Manager&quot;}\" data-sheets-userformat=\"{&quot;2&quot;:12801,&quot;3&quot;:{&quot;1&quot;:0},&quot;12&quot;:0,&quot;15&quot;:&quot;Arial&quot;,&quot;16&quot;:10}\">Marketing &amp; Communication Manager<\/span><br \/>\n<span data-sheets-value=\"{&quot;1&quot;:2,&quot;2&quot;:&quot;Frankfurt, Deutschland&quot;}\" data-sheets-userformat=\"{&quot;2&quot;:12801,&quot;3&quot;:{&quot;1&quot;:0},&quot;12&quot;:0,&quot;15&quot;:&quot;Arial&quot;,&quot;16&quot;:10}\">Hamburg, Germany<\/span>[\/vc_column_text][\/vc_column_inner][vc_column_inner column_width_percent=&#8221;100&#8243; align_horizontal=&#8221;align_right&#8221; gutter_size=&#8221;3&#8243; overlay_alpha=&#8221;50&#8243; shift_x=&#8221;0&#8243; shift_y=&#8221;0&#8243; shift_y_down=&#8221;0&#8243; z_index=&#8221;0&#8243; medium_width=&#8221;0&#8243; mobile_width=&#8221;0&#8243; width=&#8221;1\/4&#8243; uncode_shortcode_id=&#8221;564829&#8243;][vc_icon display=&#8221;inline&#8221; icon=&#8221;fa fa-mail&#8221; uncode_shortcode_id=&#8221;102139&#8243; link=&#8221;url:mailto%3Ating.liu%40clevana.de%20&#8243;][\/vc_icon][vc_icon display=&#8221;inline&#8221; icon=&#8221;fa fa-linkedin&#8221; uncode_shortcode_id=&#8221;274596&#8243; link=&#8221;url:https%3A%2F%2Fwww.linkedin.com%2Fin%2Fting-liu-547a3420a%2F|target:_blank&#8221;][\/vc_icon][\/vc_column_inner][\/vc_row_inner][\/vc_column][\/vc_row][\/vc_section]<\/p>\n<\/div>","protected":false},"excerpt":{"rendered":"<p>Culture eats strategy for breakfast, hei\u00dft es. Wir kennen asiatische Gepflogenheiten und europ\u00e4ische Kulturen in- und auswendig. Dadurch k\u00f6nnen wir Br\u00fccken bauen. \u00dcber L\u00e4ndergrenzen und Kontinente hinweg. <\/p>\n","protected":false},"author":1,"featured_media":110949,"parent":27,"menu_order":0,"comment_status":"closed","ping_status":"closed","template":"","meta":{"footnotes":""},"class_list":["post-110557","page","type-page","status-publish","has-post-thumbnail","hentry","page_category-greenfield-investment"],"_links":{"self":[{"href":"https:\/\/clevana.de\/en\/wp-json\/wp\/v2\/pages\/110557","targetHints":{"allow":["GET"]}}],"collection":[{"href":"https:\/\/clevana.de\/en\/wp-json\/wp\/v2\/pages"}],"about":[{"href":"https:\/\/clevana.de\/en\/wp-json\/wp\/v2\/types\/page"}],"author":[{"embeddable":true,"href":"https:\/\/clevana.de\/en\/wp-json\/wp\/v2\/users\/1"}],"replies":[{"embeddable":true,"href":"https:\/\/clevana.de\/en\/wp-json\/wp\/v2\/comments?post=110557"}],"version-history":[{"count":0,"href":"https:\/\/clevana.de\/en\/wp-json\/wp\/v2\/pages\/110557\/revisions"}],"up":[{"embeddable":true,"href":"https:\/\/clevana.de\/en\/wp-json\/wp\/v2\/pages\/27"}],"wp:featuredmedia":[{"embeddable":true,"href":"https:\/\/clevana.de\/en\/wp-json\/wp\/v2\/media\/110949"}],"wp:attachment":[{"href":"https:\/\/clevana.de\/en\/wp-json\/wp\/v2\/media?parent=110557"}],"curies":[{"name":"wp","href":"https:\/\/api.w.org\/{rel}","templated":true}]}}