{"id":110555,"date":"2022-07-12T11:55:42","date_gmt":"2022-07-12T09:55:42","guid":{"rendered":"https:\/\/clevana.de\/?page_id=110555"},"modified":"2023-03-20T14:36:42","modified_gmt":"2023-03-20T13:36:42","slug":"choice-of-location","status":"publish","type":"page","link":"https:\/\/clevana.de\/en\/greenfield-investment\/choice-of-location\/","title":{"rendered":"Choice of location"},"content":{"rendered":"<div class=\"wpb-content-wrapper\"><p>[vc_row row_height_percent=&#8221;85&#8243; override_padding=&#8221;yes&#8221; h_padding=&#8221;2&#8243; top_padding=&#8221;5&#8243; bottom_padding=&#8221;5&#8243; overlay_alpha=&#8221;50&#8243; gutter_size=&#8221;3&#8243; column_width_percent=&#8221;100&#8243; shift_y=&#8221;0&#8243; z_index=&#8221;0&#8243; front_end_with_slider=&#8221;true&#8221; uncode_shortcode_id=&#8221;916138&#8243;][vc_column column_width_percent=&#8221;100&#8243; position_vertical=&#8221;bottom&#8221; gutter_size=&#8221;3&#8243; style=&#8221;dark&#8221; overlay_alpha=&#8221;50&#8243; shift_x=&#8221;0&#8243; shift_y=&#8221;0&#8243; shift_y_down=&#8221;0&#8243; z_index=&#8221;0&#8243; medium_width=&#8221;0&#8243; mobile_width=&#8221;0&#8243; zoom_width=&#8221;0&#8243; zoom_height=&#8221;0&#8243; width=&#8221;1\/1&#8243;][uncode_slider slider_interval=&#8221;5000&#8243; slider_navspeed=&#8221;400&#8243; slider_loop=&#8221;yes&#8221; slider_hide_arrows=&#8221;yes&#8221; slider_dot_position=&#8221;left&#8221; slider_dot_width=&#8221;limit&#8221; slider_width_percent=&#8221;100&#8243; h_padding=&#8221;2&#8243; slider_dot_align=&#8221;left&#8221;][vc_row_inner row_inner_height_percent=&#8221;0&#8243; back_image=&#8221;110970&#8243; overlay_color=&#8221;color-jevc&#8221; overlay_alpha=&#8221;10&#8243; gutter_size=&#8221;4&#8243; shift_y=&#8221;0&#8243; z_index=&#8221;0&#8243; limit_content=&#8221;yes&#8221; front_end_with_slider=&#8221;true&#8221; uncode_shortcode_id=&#8221;189534&#8243; overlay_color_type=&#8221;uncode-palette&#8221;][vc_column_inner column_width_use_pixel=&#8221;yes&#8221; position_horizontal=&#8221;left&#8221; position_vertical=&#8221;bottom&#8221; gutter_size=&#8221;3&#8243; style=&#8221;dark&#8221; overlay_alpha=&#8221;50&#8243; shift_x=&#8221;0&#8243; shift_y=&#8221;0&#8243; shift_y_down=&#8221;0&#8243; z_index=&#8221;0&#8243; medium_width=&#8221;0&#8243; mobile_width=&#8221;0&#8243; css_animation=&#8221;right-t-left&#8221; animation_delay=&#8221;600&#8243; zoom_width=&#8221;0&#8243; zoom_height=&#8221;0&#8243; width=&#8221;1\/1&#8243; uncode_shortcode_id=&#8221;138032&#8243; column_width_pixel=&#8221;900&#8243; mobile_height=&#8221;380&#8243;][vc_custom_heading heading_semantic=&#8221;div&#8221; text_size=&#8221;fontsize-968132&#8243; uncode_shortcode_id=&#8221;122651&#8243;]Choice of location[\/vc_custom_heading][vc_empty_space empty_h=&#8221;1&#8243;][\/vc_column_inner][\/vc_row_inner][\/uncode_slider][\/vc_column][\/vc_row][vc_row row_height_percent=&#8221;0&#8243; override_padding=&#8221;yes&#8221; h_padding=&#8221;2&#8243; top_padding=&#8221;5&#8243; bottom_padding=&#8221;5&#8243; back_color=&#8221;accent&#8221; overlay_alpha=&#8221;50&#8243; gutter_size=&#8221;3&#8243; column_width_percent=&#8221;100&#8243; shift_y=&#8221;0&#8243; z_index=&#8221;0&#8243; uncode_shortcode_id=&#8221;188093&#8243; back_color_type=&#8221;uncode-palette&#8221;][vc_column column_width_percent=&#8221;100&#8243; gutter_size=&#8221;3&#8243; style=&#8221;dark&#8221; overlay_alpha=&#8221;50&#8243; shift_x=&#8221;0&#8243; shift_y=&#8221;0&#8243; shift_y_down=&#8221;0&#8243; z_index=&#8221;0&#8243; medium_width=&#8221;0&#8243; mobile_width=&#8221;0&#8243; width=&#8221;1\/1&#8243; uncode_shortcode_id=&#8221;133086&#8243;][vc_custom_heading heading_semantic=&#8221;h1&#8243; text_size=&#8221;h1&#8243; uncode_shortcode_id=&#8221;169491&#8243;]Choice of location: cornerstone for the success of European companies in China[\/vc_custom_heading][vc_column_text text_lead=&#8221;yes&#8221; uncode_shortcode_id=&#8221;133366&#8243;]Site selection is an important factor for European companies in greenfield investment projects in China. Aspects such as operating costs, transportation, preferential policies, political risks, labor market conditions, etc. will have a direct impact on the operation and competitiveness of companies in the future, in this respect, a wise decision for the future direction is of key importance.<\/p>\n<p>Not only the subsequent change of the company address can cause financial costs, but also the move to a new location means a considerable logistical and organizational effort.[\/vc_column_text][\/vc_column][\/vc_row][vc_row row_height_percent=&#8221;0&#8243; override_padding=&#8221;yes&#8221; h_padding=&#8221;2&#8243; top_padding=&#8221;3&#8243; bottom_padding=&#8221;3&#8243; overlay_alpha=&#8221;50&#8243; gutter_size=&#8221;4&#8243; column_width_percent=&#8221;100&#8243; shift_y=&#8221;0&#8243; z_index=&#8221;0&#8243; uncode_shortcode_id=&#8221;644311&#8243;][vc_column column_width_percent=&#8221;100&#8243; gutter_size=&#8221;3&#8243; overlay_alpha=&#8221;50&#8243; shift_x=&#8221;0&#8243; shift_y=&#8221;0&#8243; shift_y_down=&#8221;0&#8243; z_index=&#8221;0&#8243; medium_width=&#8221;0&#8243; mobile_width=&#8221;0&#8243; width=&#8221;1\/1&#8243; uncode_shortcode_id=&#8221;401146&#8243;][vc_custom_heading text_size=&#8221;h1&#8243; uncode_shortcode_id=&#8221;186423&#8243;]Essential factors for the choice of location from the point of view of CLEVANA CONSULTING[\/vc_custom_heading][vc_column_text text_lead=&#8221;yes&#8221; uncode_shortcode_id=&#8221;135933&#8243;]For European companies investing in China, it is usually about building sales and technical teams, setting up production facilities, and building factories in China. We believe that not only the company&#8217;s development strategy and the current industry situation in the different regions of China are relevant, but also the economic, political, and social characteristics in each region and city.<\/p>\n<p>We usually analyze the following factors in advance:[\/vc_column_text][vc_icon position=&#8221;left&#8221; space_reduced=&#8221;yes&#8221; title_aligned_icon=&#8221;yes&#8221; icon_image=&#8221;110854&#8243; media_size=&#8221;48&#8243; heading_semantic=&#8221;h2&#8243; text_size=&#8221;h2&#8243; text_lead=&#8221;yes&#8221; title=&#8221;Manpower and corresponding costs&#8221; uncode_shortcode_id=&#8221;150492&#8243;][\/vc_icon][vc_column_text text_lead=&#8221;yes&#8221; uncode_shortcode_id=&#8221;699754&#8243;]Workers play a central role in the operation of a company. They are the driving force for continuous growth, healthy development, and a future expansion policy.<\/p>\n<p>For talent-oriented industries and companies in the areas of technological research and development, precision mechanical manufacturing, or distribution, it is necessary to include the local and regional labor market situation and labor costs in the site selection process.<\/p>\n<p><img decoding=\"async\" class=\"wp-image-110933 size-full\" src=\"https:\/\/clevana.de\/en\/en\/wp-content\/uploads\/sites\/2\/2022\/10\/durchschnittslohn-china.jpg\" alt=\"\" width=\"1292\" height=\"691\" srcset=\"https:\/\/clevana.de\/en\/wp-content\/uploads\/sites\/2\/2022\/10\/durchschnittslohn-china.jpg 1292w, https:\/\/clevana.de\/en\/wp-content\/uploads\/sites\/2\/2022\/10\/durchschnittslohn-china-300x160.jpg 300w, https:\/\/clevana.de\/en\/wp-content\/uploads\/sites\/2\/2022\/10\/durchschnittslohn-china-1024x548.jpg 1024w, https:\/\/clevana.de\/en\/wp-content\/uploads\/sites\/2\/2022\/10\/durchschnittslohn-china-768x411.jpg 768w, https:\/\/clevana.de\/en\/wp-content\/uploads\/sites\/2\/2022\/10\/durchschnittslohn-china-350x187.jpg 350w\" sizes=\"(max-width: 1292px) 100vw, 1292px\" \/><span style=\"font-size: 14px\">Data source: China Statistical Yearbook-2021 (unit: RMB, yuan)<\/span><\/p>\n<p>But it is not only labor costs that affect the choice of location. The qualifications of the local workforce also play an important role. Metropolitan areas such as Beijing and Shanghai, which have a high density of universities and colleges, guarantee a far higher number of qualified employees than more rural regions.[\/vc_column_text][vc_icon position=&#8221;left&#8221; space_reduced=&#8221;yes&#8221; title_aligned_icon=&#8221;yes&#8221; icon_image=&#8221;110855&#8243; media_size=&#8221;48&#8243; heading_semantic=&#8221;h2&#8243; text_size=&#8221;h2&#8243; text_lead=&#8221;yes&#8221; title=&#8221;Regional industrial environment&#8221; uncode_shortcode_id=&#8221;703743&#8243;][\/vc_icon][vc_column_text text_lead=&#8221;yes&#8221; uncode_shortcode_id=&#8221;212629&#8243;]China is an extremely large country with a total area of 9.6 million square kilometers. Large differences exist here between the regions in the north and south, east and west. Each region has its own economic cluster characteristics for different sectors and industries and has different cluster formation mechanisms, such as resource-driven, trade-driven, science and technology resource-derived, and industry transfer-driven clusters.<\/p>\n<p>Multiple resources converge in different industry clusters, such as technological research and development, supply chains, markets, talent, transportation, and public facilities in upstream and downstream industry chains.<\/p>\n<h3>Example: Starbucks<\/h3>\n<p>In 2020, Starbucks invested nearly 1.1 billion yuan in the Kunshan Industrial Park in Jiangsu Province for its China Coffee Innovation Project. The choice of location was influenced on the one hand by the fact that Kunshan is less than an hour&#8217;s drive from Shanghai and Jiangsu Province, grew into one of the largest industrial parks in China, and attracted a large number of German companies. On the other hand, the location in Kunshan lent itself in terms of its coffee industrial chain. The industrial park had previously carried out a single coffee bean roasting project. Then Starbucks&#8217; OEM was brought in and they developed a business plan that included warehousing and delivery to roasting and brand sales.<\/p>\n<p>Wei Chuan Foods Corporation, for example, helped Starbucks to produce chilled coffee &#8220;Starbucks Frappuccino Coffee&#8221; in China. Zhejiang Feijian Industry &amp; Trade Co, Ltd. is the original equipment manufacturer of Starbucks cups and drinking bottles.<\/p>\n<p>There are countless industrial clusters in China, such as textiles in Jiangsu and Zhejiang provinces, metal goods or household appliances in Guangzhou province, the tobacco industry in Yunnan province, the coal industry in Shanxi province, and the automotive industry in Changchun of Jilin province. Another example is Zhongguancun in Beijing: It is a well-known center for science and technology and is also referred to as the Chinese &#8220;Silicon Valley&#8221;.[\/vc_column_text][vc_icon position=&#8221;left&#8221; space_reduced=&#8221;yes&#8221; title_aligned_icon=&#8221;yes&#8221; icon_image=&#8221;110856&#8243; media_size=&#8221;48&#8243; heading_semantic=&#8221;h2&#8243; text_size=&#8221;h2&#8243; text_lead=&#8221;yes&#8221; title=&#8221;Government policy&#8221; uncode_shortcode_id=&#8221;313000&#8243;][\/vc_icon][vc_column_text text_lead=&#8221;yes&#8221; uncode_shortcode_id=&#8221;617548&#8243;]Local government tax policies, regulatory approvals, and subsidies are factors that have a significant impact on a company&#8217;s location. Each Chinese provincial and municipal government has its own policies to promote foreign investment.<\/p>\n<p>The way government subsidy policy works is that the local government provides subsidies to companies or investment projects in a particular industry to support that industry. For example, foreign companies receive certain tax benefits and special economic zones are established.<\/p>\n<h3>Advantages for foreign companies<\/h3>\n<p>China&#8217;s current preferential policies for foreign enterprises include VAT rebates (for domestic equipment purchased as part of the total investment amount), corporate income tax exemptions, or local income tax exemptions (only in some provinces and municipalities). In addition, some of the equipment and accessories for manufacturing products listed in the &#8220;Guojia Gaoxinjishu chanpinmulu (National High-tech Product Catalog)&#8221; are exempt from customs duties and VAT on import compounds. In addition, local governments sometimes offer special incentives for the establishment of certain enterprises.<\/p>\n<h3>Example: Tesla<\/h3>\n<p>For example, Tesla planned to set up in Jinqiao, Pudong, Shanghai in 2014. The goal here was to retain 100% control of the company. However, regulations at the time stipulated that foreign automotive companies must enter into joint ventures with local companies in order to locate production in China. In addition, it was stipulated that the Chinese party&#8217;s shareholding must not be less than 50%. The Chinese side then changed the requirements for electric vehicles in terms of the share ratio and the number of foreign joint ventures, which gave Tesla the opportunity to build a factory and operate a company that was 100% owned.[\/vc_column_text][\/vc_column][\/vc_row][vc_row row_height_percent=&#8221;0&#8243; override_padding=&#8221;yes&#8221; h_padding=&#8221;2&#8243; top_padding=&#8221;3&#8243; bottom_padding=&#8221;3&#8243; back_color=&#8221;color-lxmt&#8221; overlay_alpha=&#8221;50&#8243; gutter_size=&#8221;3&#8243; column_width_percent=&#8221;100&#8243; shift_y=&#8221;0&#8243; z_index=&#8221;0&#8243; uncode_shortcode_id=&#8221;142894&#8243; back_color_type=&#8221;uncode-palette&#8221;][vc_column width=&#8221;1\/1&#8243;][vc_custom_heading text_size=&#8221;h1&#8243; uncode_shortcode_id=&#8221;743370&#8243;]We support you in the choice of location[\/vc_custom_heading][vc_column_text text_lead=&#8221;yes&#8221; uncode_shortcode_id=&#8221;169470&#8243;]As a consulting firm operating in Europe for many years, we not only have a comprehensive understanding of the requirements and cultural practices of European companies, but also maintain close relationships with local Chinese governments, law firms, and other partners in China. As a result, we benefit from in-depth expertise and have access to a wide range of resources in the Chinese market.<\/p>\n<p>At the same time, market research and data collection provide us with an accurate understanding of the labor market situation, industrial environment, and government policies in different regions of China. By matching these insights with industrial and corporate development plans, we obtain reference data and information that enable wise location decisions in China for greenfield investment projects.[\/vc_column_text][\/vc_column][\/vc_row]<\/p>\n<\/div>","protected":false},"excerpt":{"rendered":"<p>Ganz gleich, ob Sie Ihr Gesch\u00e4ft auf den europ\u00e4ischen Markt ausweiten oder ein Werk in China er\u00f6ffnen m\u00f6chten, Ihre Produkte erfolgreich in Asien vermarkten wollen oder einen starken Partner in China suchen \u2013 wir beraten Sie.<\/p>\n","protected":false},"author":1,"featured_media":110970,"parent":27,"menu_order":0,"comment_status":"closed","ping_status":"closed","template":"","meta":{"footnotes":""},"class_list":["post-110555","page","type-page","status-publish","has-post-thumbnail","hentry","page_category-greenfield-investment"],"_links":{"self":[{"href":"https:\/\/clevana.de\/en\/wp-json\/wp\/v2\/pages\/110555","targetHints":{"allow":["GET"]}}],"collection":[{"href":"https:\/\/clevana.de\/en\/wp-json\/wp\/v2\/pages"}],"about":[{"href":"https:\/\/clevana.de\/en\/wp-json\/wp\/v2\/types\/page"}],"author":[{"embeddable":true,"href":"https:\/\/clevana.de\/en\/wp-json\/wp\/v2\/users\/1"}],"replies":[{"embeddable":true,"href":"https:\/\/clevana.de\/en\/wp-json\/wp\/v2\/comments?post=110555"}],"version-history":[{"count":0,"href":"https:\/\/clevana.de\/en\/wp-json\/wp\/v2\/pages\/110555\/revisions"}],"up":[{"embeddable":true,"href":"https:\/\/clevana.de\/en\/wp-json\/wp\/v2\/pages\/27"}],"wp:featuredmedia":[{"embeddable":true,"href":"https:\/\/clevana.de\/en\/wp-json\/wp\/v2\/media\/110970"}],"wp:attachment":[{"href":"https:\/\/clevana.de\/en\/wp-json\/wp\/v2\/media?parent=110555"}],"curies":[{"name":"wp","href":"https:\/\/api.w.org\/{rel}","templated":true}]}}