{"id":110554,"date":"2022-07-12T11:45:59","date_gmt":"2022-07-12T09:45:59","guid":{"rendered":"https:\/\/clevana.de\/?page_id=110554"},"modified":"2023-03-20T14:35:37","modified_gmt":"2023-03-20T13:35:37","slug":"italy","status":"publish","type":"page","link":"https:\/\/clevana.de\/en\/company-foundation\/italy\/","title":{"rendered":"Italy"},"content":{"rendered":"<div class=\"wpb-content-wrapper\"><p>[vc_row row_height_percent=&#8221;85&#8243; override_padding=&#8221;yes&#8221; h_padding=&#8221;2&#8243; top_padding=&#8221;5&#8243; bottom_padding=&#8221;5&#8243; overlay_alpha=&#8221;50&#8243; gutter_size=&#8221;3&#8243; column_width_percent=&#8221;100&#8243; shift_y=&#8221;0&#8243; z_index=&#8221;0&#8243; front_end_with_slider=&#8221;true&#8221; uncode_shortcode_id=&#8221;622425&#8243;][vc_column column_width_percent=&#8221;100&#8243; position_vertical=&#8221;bottom&#8221; gutter_size=&#8221;3&#8243; style=&#8221;dark&#8221; overlay_alpha=&#8221;50&#8243; shift_x=&#8221;0&#8243; shift_y=&#8221;0&#8243; shift_y_down=&#8221;0&#8243; z_index=&#8221;0&#8243; medium_width=&#8221;0&#8243; mobile_width=&#8221;0&#8243; zoom_width=&#8221;0&#8243; zoom_height=&#8221;0&#8243; width=&#8221;1\/1&#8243;][uncode_slider slider_interval=&#8221;5000&#8243; slider_navspeed=&#8221;400&#8243; slider_loop=&#8221;yes&#8221; slider_hide_arrows=&#8221;yes&#8221; slider_dot_position=&#8221;left&#8221; slider_dot_width=&#8221;limit&#8221; slider_width_percent=&#8221;100&#8243; h_padding=&#8221;2&#8243; slider_dot_align=&#8221;left&#8221;][vc_row_inner row_inner_height_percent=&#8221;0&#8243; back_image=&#8221;110967&#8243; overlay_color=&#8221;color-jevc&#8221; overlay_alpha=&#8221;10&#8243; gutter_size=&#8221;4&#8243; shift_y=&#8221;0&#8243; z_index=&#8221;0&#8243; limit_content=&#8221;yes&#8221; front_end_with_slider=&#8221;true&#8221; uncode_shortcode_id=&#8221;204412&#8243; overlay_color_type=&#8221;uncode-palette&#8221;][vc_column_inner column_width_use_pixel=&#8221;yes&#8221; position_horizontal=&#8221;left&#8221; position_vertical=&#8221;bottom&#8221; gutter_size=&#8221;3&#8243; style=&#8221;dark&#8221; overlay_alpha=&#8221;50&#8243; shift_x=&#8221;0&#8243; shift_y=&#8221;0&#8243; shift_y_down=&#8221;0&#8243; z_index=&#8221;0&#8243; medium_width=&#8221;0&#8243; mobile_width=&#8221;0&#8243; css_animation=&#8221;right-t-left&#8221; animation_delay=&#8221;600&#8243; zoom_width=&#8221;0&#8243; zoom_height=&#8221;0&#8243; width=&#8221;1\/1&#8243; uncode_shortcode_id=&#8221;144908&#8243; column_width_pixel=&#8221;900&#8243; mobile_height=&#8221;380&#8243;][vc_custom_heading heading_semantic=&#8221;div&#8221; text_size=&#8221;fontsize-968132&#8243; uncode_shortcode_id=&#8221;847041&#8243;]Company formation in Italy[\/vc_custom_heading][vc_empty_space empty_h=&#8221;1&#8243;][\/vc_column_inner][\/vc_row_inner][\/uncode_slider][\/vc_column][\/vc_row][vc_row row_height_percent=&#8221;0&#8243; override_padding=&#8221;yes&#8221; h_padding=&#8221;2&#8243; top_padding=&#8221;3&#8243; bottom_padding=&#8221;3&#8243; overlay_alpha=&#8221;50&#8243; gutter_size=&#8221;3&#8243; column_width_percent=&#8221;100&#8243; shift_y=&#8221;0&#8243; z_index=&#8221;0&#8243; uncode_shortcode_id=&#8221;692561&#8243;][vc_column column_width_percent=&#8221;100&#8243; position_vertical=&#8221;middle&#8221; gutter_size=&#8221;3&#8243; overlay_alpha=&#8221;50&#8243; shift_x=&#8221;0&#8243; shift_y=&#8221;0&#8243; shift_y_down=&#8221;0&#8243; z_index=&#8221;0&#8243; medium_width=&#8221;0&#8243; mobile_width=&#8221;0&#8243; width=&#8221;1\/1&#8243; uncode_shortcode_id=&#8221;166870&#8243;][vc_custom_heading text_size=&#8221;h1&#8243; uncode_shortcode_id=&#8221;136777&#8243;]We provide investors with our compliance services when setting up a business in Italy and assist them in opening accounts in branch banks from abroad.[\/vc_custom_heading][vc_column_text text_lead=&#8221;yes&#8221; uncode_shortcode_id=&#8221;205495&#8243;]Our years of expertise and reliable contacts help us to competently support Chinese companies entering the European market. Due to our good local networking, we are always able to inform our Chinese partners promptly about the latest guidelines of the respective government and optimize the remote foundation process for Chinese investors.<\/p>\n<p>We have recently updated the company incorporation process in accordance with the latest notary regulations. This now allows remote video notarization of the company&#8217;s articles of association and remote opening of an Italian business bank account.<\/p>\n<p>With these new possibilities, the procedures for establishing an Italian company have been greatly simplified and efficiency improved.[\/vc_column_text][vc_custom_heading text_size=&#8221;h3&#8243; uncode_shortcode_id=&#8221;850197&#8243;]Arguments for starting a business in Italy[\/vc_custom_heading][vc_accordion sign=&#8221;plus&#8221; active_tab=&#8221;0&#8243;][vc_accordion_tab gutter_size=&#8221;2&#8243; column_padding=&#8221;2&#8243; title=&#8221;Strategic position&#8221; tab_id=&#8221;1663598036-1-73&#8243;][vc_column_text uncode_shortcode_id=&#8221;146727&#8243;]Italy has good distribution channels and is an important transportation hub between Europe, the Middle East, and West Asia. The flight time from most European capitals to Rome is less than three hours.[\/vc_column_text][\/vc_accordion_tab][vc_accordion_tab gutter_size=&#8221;2&#8243; column_padding=&#8221;2&#8243; title=&#8221;The development of the Italian economy&#8221; tab_id=&#8221;1663598036-2-70&#8243;][vc_column_text uncode_shortcode_id=&#8221;159819&#8243;]The gross domestic product (GDP) of the European Union in 2020 is around EUR 12.46 trillion. EU GDP decreased by EUR 1.44 trillion year-on-year in 2020 due to the impact of COVID-19. Of this, more than a quarter of the EU GDP is generated by Germany (27%), followed by France (18%), with Italy accounting for around 13% of the total EU GDP.[\/vc_column_text][\/vc_accordion_tab][vc_accordion_tab gutter_size=&#8221;2&#8243; column_padding=&#8221;2&#8243; title=&#8221;Highly qualified workforce and relatively low labor costs&#8221; tab_id=&#8221;1663598295092-2-5&#8243;][vc_column_text uncode_shortcode_id=&#8221;687612&#8243;]Italy leads Europe in terms of annual financial investment and subsidies in the education system. More than 20 Italian universities are among the 500 best universities in the world. On average, nearly 300,000 highly qualified students graduate here each year. The quality of work performed by employees in the Italian industry is top-notch by global standards; Italy is a leader in particular in the fields of mechanical engineering, industrial design, aerospace, textiles and clothing, and food processing. However, compared to other EU countries, labor costs in Italy are relatively low. According to Eurostat statistics, in 2020 average wage costs in EU countries were around 32.3 euros per hour, but in Italy only 29.8 euros per hour.[\/vc_column_text][\/vc_accordion_tab][vc_accordion_tab gutter_size=&#8221;2&#8243; column_padding=&#8221;2&#8243; title=&#8221;Optimal logistics and infrastructure&#8221; tab_id=&#8221;1663598331844-3-8&#8243;][vc_column_text uncode_shortcode_id=&#8221;544011&#8243;]The total length of the Italian road network is 310,000 kilometers, making it the second-largest road network in the EU. The total length of the national railroad network is 193.94 million kilometers, making it fifth in the EU. Italy is surrounded by the sea on three sides and has 352 ports and a well-developed shipping industry. There are 96 airports here. The annual cargo throughput of the 35 major airports is more than 952,000 tons.[\/vc_column_text][\/vc_accordion_tab][vc_accordion_tab gutter_size=&#8221;2&#8243; column_padding=&#8221;2&#8243; title=&#8221;Advantages and relevance of certain industries&#8221; tab_id=&#8221;1663602872262-4-8&#8243;][vc_column_text uncode_shortcode_id=&#8221;198439&#8243;]<\/p>\n<ul>\n<li>Tourism: with outstanding historical and artistic achievements, cultural heritage, natural landscapes, etc.<\/li>\n<li>Fashion and luxury industry: Global industry giants such as haute couture, watches, jewelry, yachts, etc. gather in Italy. The industry activity is among the best in the world.<\/li>\n<li>Automotive industry: major car manufacturers with a long history<\/li>\n<li>Biopharmaceutical industry: established systems especially in R&amp;D (research and development)<\/li>\n<li>Renewable energy sector<\/li>\n<li>Chemical industry<\/li>\n<li>Aerospace industry<\/li>\n<\/ul>\n<p>[\/vc_column_text][\/vc_accordion_tab][\/vc_accordion][\/vc_column][\/vc_row][vc_row row_height_percent=&#8221;50&#8243; back_image=&#8221;110989&#8243; back_attachment=&#8221;fixed&#8221; overlay_alpha=&#8221;15&#8243; gutter_size=&#8221;3&#8243; column_width_percent=&#8221;100&#8243; shift_y=&#8221;0&#8243; z_index=&#8221;0&#8243; uncode_shortcode_id=&#8221;140017&#8243; row_height_pixel=&#8221;300&#8243;][vc_column column_width_use_pixel=&#8221;yes&#8221; position_vertical=&#8221;middle&#8221; align_horizontal=&#8221;align_center&#8221; gutter_size=&#8221;3&#8243; style=&#8221;dark&#8221; overlay_alpha=&#8221;50&#8243; shift_x=&#8221;0&#8243; shift_y=&#8221;0&#8243; shift_y_down=&#8221;0&#8243; z_index=&#8221;0&#8243; medium_width=&#8221;0&#8243; mobile_width=&#8221;0&#8243; width=&#8221;1\/1&#8243; uncode_shortcode_id=&#8221;150473&#8243; mobile_height=&#8221;380&#8243;][\/vc_column][\/vc_row][vc_row row_height_percent=&#8221;0&#8243; override_padding=&#8221;yes&#8221; h_padding=&#8221;2&#8243; top_padding=&#8221;3&#8243; bottom_padding=&#8221;2&#8243; overlay_alpha=&#8221;50&#8243; gutter_size=&#8221;3&#8243; column_width_percent=&#8221;100&#8243; shift_y=&#8221;0&#8243; z_index=&#8221;0&#8243; uncode_shortcode_id=&#8221;190629&#8243;][vc_column width=&#8221;1\/1&#8243;][vc_custom_heading text_size=&#8221;h1&#8243; uncode_shortcode_id=&#8221;101787&#8243;]What are the specifics of setting up a business in Italy?[\/vc_custom_heading][\/vc_column][\/vc_row][vc_row row_height_percent=&#8221;0&#8243; override_padding=&#8221;yes&#8221; h_padding=&#8221;2&#8243; top_padding=&#8221;0&#8243; bottom_padding=&#8221;2&#8243; overlay_alpha=&#8221;50&#8243; gutter_size=&#8221;4&#8243; column_width_percent=&#8221;100&#8243; shift_y=&#8221;0&#8243; z_index=&#8221;0&#8243; uncode_shortcode_id=&#8221;635073&#8243;][vc_column column_width_percent=&#8221;100&#8243; gutter_size=&#8221;4&#8243; overlay_alpha=&#8221;50&#8243; shift_x=&#8221;0&#8243; shift_y=&#8221;0&#8243; shift_y_down=&#8221;0&#8243; z_index=&#8221;0&#8243; medium_width=&#8221;4&#8243; mobile_width=&#8221;0&#8243; width=&#8221;1\/2&#8243; uncode_shortcode_id=&#8221;108060&#8243;][vc_icon icon_image=&#8221;110841&#8243; icon_color=&#8221;accent&#8221; media_size=&#8221;60&#8243; text_size=&#8221;h2&#8243; text_reduced=&#8221;yes&#8221; title=&#8221;Choice of legal form\/capital company form&#8221; uncode_shortcode_id=&#8221;187795&#8243; icon_color_type=&#8221;uncode-palette&#8221;]Under Italian law, there are different legal forms for the incorporation of a company in Italy. These are as follows: S.R.L (Societ \u00e0 A Responsabilit \u00e0 Limitata), S.p.A. (Societ\u00e0 per azioni), Branch, and Rep Office.<\/p>\n<p>S.R.L. is the most common among them &#8211; and the legal form is most often chosen by foreign investors. The minimum share capital of S.R.L. is \u20ac10,000. There are no restrictions on the nationality and residence of shareholders. In addition, shareholders do not directly participate in the company&#8217;s assets, and liability is limited.[\/vc_icon][\/vc_column][vc_column column_width_percent=&#8221;100&#8243; gutter_size=&#8221;4&#8243; overlay_alpha=&#8221;50&#8243; shift_x=&#8221;0&#8243; shift_y=&#8221;0&#8243; shift_y_down=&#8221;0&#8243; z_index=&#8221;0&#8243; medium_width=&#8221;4&#8243; mobile_width=&#8221;0&#8243; width=&#8221;1\/2&#8243; uncode_shortcode_id=&#8221;152752&#8243;][vc_icon icon_image=&#8221;110842&#8243; icon_color=&#8221;accent&#8221; media_size=&#8221;60&#8243; text_size=&#8221;h2&#8243; text_reduced=&#8221;yes&#8221; title=&#8221;Choice of the company address\/location&#8221; uncode_shortcode_id=&#8221;183223&#8243; icon_color_type=&#8221;uncode-palette&#8221;]Economically, the development of the north and the south of Italy are very different, also with regard to the orientation of the industries. Before deciding on a company location, investors should first consider the development needs and industry of the company, as well as specifically evaluate the economic development of the regions and the related government subsidies and support.[\/vc_icon][\/vc_column][\/vc_row][vc_row row_height_percent=&#8221;0&#8243; override_padding=&#8221;yes&#8221; h_padding=&#8221;2&#8243; top_padding=&#8221;0&#8243; bottom_padding=&#8221;3&#8243; overlay_alpha=&#8221;50&#8243; gutter_size=&#8221;3&#8243; column_width_percent=&#8221;100&#8243; shift_y=&#8221;0&#8243; z_index=&#8221;0&#8243; uncode_shortcode_id=&#8221;194899&#8243;][vc_column column_width_percent=&#8221;100&#8243; gutter_size=&#8221;3&#8243; overlay_alpha=&#8221;50&#8243; shift_x=&#8221;0&#8243; shift_y=&#8221;0&#8243; shift_y_down=&#8221;0&#8243; z_index=&#8221;0&#8243; medium_width=&#8221;4&#8243; mobile_width=&#8221;0&#8243; width=&#8221;1\/2&#8243; uncode_shortcode_id=&#8221;532477&#8243;][vc_icon icon_image=&#8221;110834&#8243; icon_color=&#8221;accent&#8221; media_size=&#8221;60&#8243; text_size=&#8221;h2&#8243; text_reduced=&#8221;yes&#8221; title=&#8221;Employment of employees&#8221; uncode_shortcode_id=&#8221;163803&#8243; icon_color_type=&#8221;uncode-palette&#8221;]Italian companies are not required to hire employees.. At the beginning of the business start-up, we recommend having the daily administrative tasks performed remotely by a professional management team. When the company&#8217;s operations are stable and further expansion is planned, employees can be hired locally.[\/vc_icon][\/vc_column][vc_column column_width_percent=&#8221;100&#8243; gutter_size=&#8221;3&#8243; overlay_alpha=&#8221;50&#8243; shift_x=&#8221;0&#8243; shift_y=&#8221;0&#8243; shift_y_down=&#8221;0&#8243; z_index=&#8221;0&#8243; medium_width=&#8221;4&#8243; mobile_width=&#8221;0&#8243; width=&#8221;1\/2&#8243; uncode_shortcode_id=&#8221;618252&#8243;][vc_icon icon_image=&#8221;110888&#8243; icon_color=&#8221;accent&#8221; media_size=&#8221;60&#8243; text_size=&#8221;h2&#8243; text_reduced=&#8221;yes&#8221; title=&#8221;Tax matters&#8221; uncode_shortcode_id=&#8221;193431&#8243; icon_color_type=&#8221;uncode-palette&#8221;]Under Italian tax law, the national corporate income tax (IRES &#8211; Imposta sul Reddito delle Societ\u00e0) and the regional tax on production activities (IRAP &#8211; Imposta Regionale sulle Attivit\u00e0 Produttive) are payable. The regional tax rates vary slightly by location. The combined tax rate is thus 27.9%.<\/p>\n<p>In the case of a permanent establishment with its head office in Italy, it is possible to offset losses or carry forward losses for an indefinite period.[\/vc_icon][\/vc_column][\/vc_row][vc_section back_color=&#8221;color-lxmt&#8221; overlay_alpha=&#8221;50&#8243; uncode_shortcode_id=&#8221;767253&#8243; el_id=&#8221;ansprechpartner&#8221; back_color_type=&#8221;uncode-palette&#8221;][vc_row row_height_percent=&#8221;0&#8243; override_padding=&#8221;yes&#8221; h_padding=&#8221;2&#8243; top_padding=&#8221;3&#8243; bottom_padding=&#8221;2&#8243; overlay_alpha=&#8221;50&#8243; gutter_size=&#8221;3&#8243; column_width_percent=&#8221;100&#8243; shift_y=&#8221;0&#8243; z_index=&#8221;0&#8243; uncode_shortcode_id=&#8221;512218&#8243;][vc_column column_width_percent=&#8221;100&#8243; gutter_size=&#8221;3&#8243; overlay_alpha=&#8221;50&#8243; shift_x=&#8221;0&#8243; shift_y=&#8221;0&#8243; shift_y_down=&#8221;0&#8243; z_index=&#8221;0&#8243; medium_width=&#8221;0&#8243; mobile_width=&#8221;0&#8243; width=&#8221;1\/1&#8243; uncode_shortcode_id=&#8221;598590&#8243;][vc_custom_heading uncode_shortcode_id=&#8221;142660&#8243;]Meet our experts in business establishment and structuring[\/vc_custom_heading][\/vc_column][\/vc_row][vc_row row_height_percent=&#8221;0&#8243; override_padding=&#8221;yes&#8221; h_padding=&#8221;2&#8243; top_padding=&#8221;0&#8243; bottom_padding=&#8221;4&#8243; overlay_alpha=&#8221;50&#8243; gutter_size=&#8221;4&#8243; column_width_percent=&#8221;100&#8243; shift_y=&#8221;0&#8243; z_index=&#8221;0&#8243; uncode_shortcode_id=&#8221;431385&#8243;][vc_column column_width_percent=&#8221;100&#8243; gutter_size=&#8221;3&#8243; back_color=&#8221;color-xsdn&#8221; overlay_alpha=&#8221;50&#8243; shift_x=&#8221;0&#8243; shift_y=&#8221;0&#8243; shift_y_down=&#8221;0&#8243; z_index=&#8221;0&#8243; medium_width=&#8221;4&#8243; mobile_width=&#8221;0&#8243; shadow=&#8221;xs&#8221; width=&#8221;1\/2&#8243; uncode_shortcode_id=&#8221;167017&#8243; back_color_type=&#8221;uncode-palette&#8221; el_class=&#8221;teamcard&#8221;][vc_row_inner row_inner_height_percent=&#8221;0&#8243; overlay_alpha=&#8221;50&#8243; gutter_size=&#8221;2&#8243; shift_y=&#8221;0&#8243; z_index=&#8221;0&#8243; uncode_shortcode_id=&#8221;565178&#8243; limit_content=&#8221;&#8221;][vc_column_inner width=&#8221;1\/4&#8243;][vc_single_image media=&#8221;110779&#8243; media_width_percent=&#8221;100&#8243; media_ratio=&#8221;one-one&#8221; uncode_shortcode_id=&#8221;685433&#8243;][\/vc_column_inner][vc_column_inner column_width_percent=&#8221;100&#8243; gutter_size=&#8221;3&#8243; overlay_alpha=&#8221;50&#8243; shift_x=&#8221;0&#8243; shift_y=&#8221;0&#8243; shift_y_down=&#8221;0&#8243; z_index=&#8221;0&#8243; medium_width=&#8221;0&#8243; mobile_width=&#8221;0&#8243; width=&#8221;1\/2&#8243; uncode_shortcode_id=&#8221;585869&#8243;][vc_column_text uncode_shortcode_id=&#8221;131820&#8243;]<strong>Chen Shi<\/strong><br \/>\nCo-Founder &amp; Managing Director<br \/>\nGrenoble, France[\/vc_column_text][\/vc_column_inner][vc_column_inner column_width_percent=&#8221;100&#8243; align_horizontal=&#8221;align_right&#8221; gutter_size=&#8221;3&#8243; overlay_alpha=&#8221;50&#8243; shift_x=&#8221;0&#8243; shift_y=&#8221;0&#8243; shift_y_down=&#8221;0&#8243; z_index=&#8221;0&#8243; medium_width=&#8221;0&#8243; mobile_width=&#8221;0&#8243; width=&#8221;1\/4&#8243; uncode_shortcode_id=&#8221;564829&#8243;][vc_icon display=&#8221;inline&#8221; icon=&#8221;fa fa-mail&#8221; uncode_shortcode_id=&#8221;319043&#8243; link=&#8221;url:mailto%3Achen.shi%40clevana.de&#8221;][\/vc_icon][vc_icon display=&#8221;inline&#8221; icon=&#8221;fa fa-linkedin&#8221; uncode_shortcode_id=&#8221;334304&#8243; link=&#8221;url:https%3A%2F%2Fwww.linkedin.com%2Fin%2Fchen-shi-b9871a79%2F|target:_blank&#8221;][\/vc_icon][\/vc_column_inner][\/vc_row_inner][\/vc_column][vc_column column_width_percent=&#8221;100&#8243; gutter_size=&#8221;3&#8243; back_color=&#8221;color-xsdn&#8221; overlay_alpha=&#8221;50&#8243; shift_x=&#8221;0&#8243; shift_y=&#8221;0&#8243; shift_y_down=&#8221;0&#8243; z_index=&#8221;0&#8243; medium_width=&#8221;4&#8243; mobile_width=&#8221;0&#8243; shadow=&#8221;xs&#8221; width=&#8221;1\/2&#8243; uncode_shortcode_id=&#8221;144161&#8243; back_color_type=&#8221;uncode-palette&#8221; el_class=&#8221;teamcard&#8221;][vc_row_inner row_inner_height_percent=&#8221;0&#8243; overlay_alpha=&#8221;50&#8243; gutter_size=&#8221;2&#8243; shift_y=&#8221;0&#8243; z_index=&#8221;0&#8243; uncode_shortcode_id=&#8221;565178&#8243; limit_content=&#8221;&#8221;][vc_column_inner width=&#8221;1\/4&#8243;][vc_single_image media=&#8221;110782&#8243; media_width_percent=&#8221;100&#8243; media_ratio=&#8221;one-one&#8221; uncode_shortcode_id=&#8221;161495&#8243;][\/vc_column_inner][vc_column_inner column_width_percent=&#8221;100&#8243; gutter_size=&#8221;3&#8243; overlay_alpha=&#8221;50&#8243; shift_x=&#8221;0&#8243; shift_y=&#8221;0&#8243; shift_y_down=&#8221;0&#8243; z_index=&#8221;0&#8243; medium_width=&#8221;0&#8243; mobile_width=&#8221;0&#8243; width=&#8221;1\/2&#8243; uncode_shortcode_id=&#8221;585869&#8243;][vc_column_text uncode_shortcode_id=&#8221;123764&#8243;]<strong>Lili Fan<\/strong><br \/>\nBusiness Development Manager<br \/>\nGrenoble, France[\/vc_column_text][\/vc_column_inner][vc_column_inner column_width_percent=&#8221;100&#8243; align_horizontal=&#8221;align_right&#8221; gutter_size=&#8221;3&#8243; overlay_alpha=&#8221;50&#8243; shift_x=&#8221;0&#8243; shift_y=&#8221;0&#8243; shift_y_down=&#8221;0&#8243; z_index=&#8221;0&#8243; medium_width=&#8221;0&#8243; mobile_width=&#8221;0&#8243; width=&#8221;1\/4&#8243; uncode_shortcode_id=&#8221;564829&#8243;][vc_icon display=&#8221;inline&#8221; icon=&#8221;fa fa-mail&#8221; uncode_shortcode_id=&#8221;141863&#8243; link=&#8221;url:mailto%3Alili.fan%40clevana.de&#8221;][\/vc_icon][vc_icon display=&#8221;inline&#8221; icon=&#8221;fa fa-linkedin&#8221; uncode_shortcode_id=&#8221;144891&#8243; link=&#8221;url:https%3A%2F%2Fwww.linkedin.com%2Fin%2Flili-fan-8927171a|target:_blank&#8221;][\/vc_icon][\/vc_column_inner][\/vc_row_inner][\/vc_column][\/vc_row][\/vc_section][vc_row row_height_percent=&#8221;0&#8243; override_padding=&#8221;yes&#8221; h_padding=&#8221;2&#8243; top_padding=&#8221;3&#8243; bottom_padding=&#8221;2&#8243; overlay_alpha=&#8221;35&#8243; gutter_size=&#8221;3&#8243; column_width_percent=&#8221;100&#8243; shift_y=&#8221;0&#8243; z_index=&#8221;0&#8243; uncode_shortcode_id=&#8221;113794&#8243;][vc_column column_width_use_pixel=&#8221;yes&#8221; position_vertical=&#8221;middle&#8221; gutter_size=&#8221;3&#8243; overlay_alpha=&#8221;50&#8243; shift_x=&#8221;0&#8243; shift_y=&#8221;0&#8243; shift_y_down=&#8221;0&#8243; z_index=&#8221;0&#8243; medium_width=&#8221;0&#8243; mobile_width=&#8221;0&#8243; width=&#8221;1\/1&#8243; uncode_shortcode_id=&#8221;105620&#8243;][vc_custom_heading text_size=&#8221;h1&#8243; uncode_shortcode_id=&#8221;163065&#8243;]Process of remote company creation in Italy[\/vc_custom_heading][\/vc_column][\/vc_row][vc_row row_height_percent=&#8221;0&#8243; override_padding=&#8221;yes&#8221; h_padding=&#8221;2&#8243; top_padding=&#8221;0&#8243; bottom_padding=&#8221;2&#8243; overlay_alpha=&#8221;50&#8243; gutter_size=&#8221;4&#8243; column_width_percent=&#8221;100&#8243; shift_y=&#8221;0&#8243; z_index=&#8221;0&#8243; uncode_shortcode_id=&#8221;190408&#8243;][vc_column column_width_percent=&#8221;100&#8243; gutter_size=&#8221;4&#8243; overlay_alpha=&#8221;50&#8243; shift_x=&#8221;0&#8243; shift_y=&#8221;0&#8243; shift_y_down=&#8221;0&#8243; z_index=&#8221;0&#8243; medium_width=&#8221;4&#8243; mobile_width=&#8221;0&#8243; width=&#8221;1\/2&#8243; uncode_shortcode_id=&#8221;182822&#8243;][vc_icon icon_image=&#8221;110854&#8243; media_size=&#8221;60&#8243; text_size=&#8221;h2&#8243; title=&#8221;Preparations for the establishment of an Italian company&#8221; uncode_shortcode_id=&#8221;161240&#8243;]First of all, it is important to determine the Italian company to be established: Company name, business scope, shareholder structure, registered address, and information of directors and shareholders. The time required is 3-5 working days.[\/vc_icon][\/vc_column][vc_column column_width_percent=&#8221;100&#8243; gutter_size=&#8221;4&#8243; overlay_alpha=&#8221;50&#8243; shift_x=&#8221;0&#8243; shift_y=&#8221;0&#8243; shift_y_down=&#8221;0&#8243; z_index=&#8221;0&#8243; medium_width=&#8221;4&#8243; mobile_width=&#8221;0&#8243; width=&#8221;1\/2&#8243; uncode_shortcode_id=&#8221;188906&#8243;][vc_icon icon_image=&#8221;110855&#8243; media_size=&#8221;60&#8243; text_size=&#8221;h2&#8243; title=&#8221;Apply for the local tax numbers, personal electronic signature and deposit the registered capital&#8221; uncode_shortcode_id=&#8221;140889&#8243;]The tax number applied for includes the personal tax number of the shareholder, and director, and the Italian tax number of the shareholder&#8217;s parent company. During this period, the share capital must be paid in and deposited in the notarial deposit account in order to obtain a capital contribution certificate. The time required is approximately one month.[\/vc_icon][\/vc_column][\/vc_row][vc_row row_height_percent=&#8221;0&#8243; override_padding=&#8221;yes&#8221; h_padding=&#8221;2&#8243; top_padding=&#8221;0&#8243; bottom_padding=&#8221;3&#8243; overlay_alpha=&#8221;50&#8243; gutter_size=&#8221;4&#8243; column_width_percent=&#8221;100&#8243; shift_y=&#8221;0&#8243; z_index=&#8221;0&#8243; uncode_shortcode_id=&#8221;212044&#8243;][vc_column column_width_percent=&#8221;100&#8243; gutter_size=&#8221;4&#8243; overlay_alpha=&#8221;50&#8243; shift_x=&#8221;0&#8243; shift_y=&#8221;0&#8243; shift_y_down=&#8221;0&#8243; z_index=&#8221;0&#8243; medium_width=&#8221;4&#8243; mobile_width=&#8221;0&#8243; width=&#8221;1\/2&#8243; uncode_shortcode_id=&#8221;201583&#8243;][vc_icon icon_image=&#8221;110856&#8243; media_size=&#8221;60&#8243; text_size=&#8221;h2&#8243; title=&#8221;Notarization of the company&#8217;s articles of association and registration procedures (remote)&#8221; uncode_shortcode_id=&#8221;144180&#8243;]After receiving approval from the customer, the authorized person will bring the certified materials in China to the Italian notary office to obtain the certification of the company charter. After the notarization, the notary will submit all the business registration documents to the Italian business registry to obtain a business license. The time required for this is one to two weeks.[\/vc_icon][\/vc_column][vc_column column_width_percent=&#8221;100&#8243; gutter_size=&#8221;4&#8243; overlay_alpha=&#8221;50&#8243; shift_x=&#8221;0&#8243; shift_y=&#8221;0&#8243; shift_y_down=&#8221;0&#8243; z_index=&#8221;0&#8243; medium_width=&#8221;4&#8243; mobile_width=&#8221;0&#8243; width=&#8221;1\/2&#8243; uncode_shortcode_id=&#8221;914918&#8243;][vc_icon icon_image=&#8221;110857&#8243; media_size=&#8221;60&#8243; text_size=&#8221;h2&#8243; title=&#8221;Apply for tax numbers and branch bank accounts&#8221; uncode_shortcode_id=&#8221;165636&#8243;]After the establishment of the company, it is necessary to apply for the required documents of the company, such as company tax number, VAT, EORI, etc., and complete the opening of the Italian company bank account. After the bank account opening is completed, the share capital of the deposit account is transferred to the bank account of the newly established companies in Italy.[\/vc_icon][\/vc_column][\/vc_row]<\/p>\n<\/div>","protected":false},"excerpt":{"rendered":"<p>We are at your side as a reliable service partner with our European network for all administrative or organizational tasks.  Please contact us.<\/p>\n","protected":false},"author":1,"featured_media":110967,"parent":25,"menu_order":0,"comment_status":"closed","ping_status":"closed","template":"","meta":{"footnotes":""},"class_list":["post-110554","page","type-page","status-publish","has-post-thumbnail","hentry","page_category-company-foundation"],"_links":{"self":[{"href":"https:\/\/clevana.de\/en\/wp-json\/wp\/v2\/pages\/110554","targetHints":{"allow":["GET"]}}],"collection":[{"href":"https:\/\/clevana.de\/en\/wp-json\/wp\/v2\/pages"}],"about":[{"href":"https:\/\/clevana.de\/en\/wp-json\/wp\/v2\/types\/page"}],"author":[{"embeddable":true,"href":"https:\/\/clevana.de\/en\/wp-json\/wp\/v2\/users\/1"}],"replies":[{"embeddable":true,"href":"https:\/\/clevana.de\/en\/wp-json\/wp\/v2\/comments?post=110554"}],"version-history":[{"count":0,"href":"https:\/\/clevana.de\/en\/wp-json\/wp\/v2\/pages\/110554\/revisions"}],"up":[{"embeddable":true,"href":"https:\/\/clevana.de\/en\/wp-json\/wp\/v2\/pages\/25"}],"wp:featuredmedia":[{"embeddable":true,"href":"https:\/\/clevana.de\/en\/wp-json\/wp\/v2\/media\/110967"}],"wp:attachment":[{"href":"https:\/\/clevana.de\/en\/wp-json\/wp\/v2\/media?parent=110554"}],"curies":[{"name":"wp","href":"https:\/\/api.w.org\/{rel}","templated":true}]}}